{"id":5146,"date":"2022-09-21T12:02:53","date_gmt":"2022-09-21T12:02:53","guid":{"rendered":"https:\/\/new.fastparcmotor.com\/politica-de-cookies\/"},"modified":"2022-12-27T07:00:55","modified_gmt":"2022-12-27T07:00:55","slug":"politica-de-cookies","status":"publish","type":"page","link":"https:\/\/dev.fastparcmotor.com\/es\/politica-de-cookies\/","title":{"rendered":"Pol\u00edtica de Cookies"},"content":{"rendered":"\t\t<div data-elementor-type=\"wp-page\" data-elementor-id=\"5146\" class=\"elementor elementor-5146 elementor-207\" data-elementor-post-type=\"page\">\n\t\t\t\t\t\t\t\t\t<section class=\"elementor-section elementor-top-section elementor-element elementor-element-2b58eb7 elementor-section-boxed elementor-section-height-default elementor-section-height-default\" data-id=\"2b58eb7\" data-element_type=\"section\">\n\t\t\t\t\t\t<div class=\"elementor-container elementor-column-gap-default\">\n\t\t\t\t\t<div class=\"elementor-column elementor-col-100 elementor-top-column elementor-element elementor-element-d9832ed\" data-id=\"d9832ed\" data-element_type=\"column\">\n\t\t\t<div class=\"elementor-widget-wrap elementor-element-populated\">\n\t\t\t\t\t\t\t\t<div class=\"elementor-element elementor-element-c32d4d6 elementor-widget elementor-widget-heading\" data-id=\"c32d4d6\" data-element_type=\"widget\" data-widget_type=\"heading.default\">\n\t\t\t\t<div class=\"elementor-widget-container\">\n\t\t\t<h2 class=\"elementor-heading-title elementor-size-default\">Pol\u00edtica de Cookies<\/h2>\t\t<\/div>\n\t\t\t\t<\/div>\n\t\t\t\t<div class=\"elementor-element elementor-element-92f91e8 elementor-widget elementor-widget-text-editor\" data-id=\"92f91e8\" data-element_type=\"widget\" data-widget_type=\"text-editor.default\">\n\t\t\t\t<div class=\"elementor-widget-container\">\n\t\t\t\t\t\t\t<p><strong>Definici\u00f3 i funci\u00f3 de les cookies<\/strong><\/p>\n<p>Una cookie es un archivo que se descarga en su ordenador al acceder a determinadas p\u00e1ginas web. Las cookies permiten a una p\u00e1gina web, entre otras cosas, almacenar y recuperar informaci\u00f3n sobre los h\u00e1bitos de navegaci\u00f3n de un usuario o de su equipo y, dependiendo de la informaci\u00f3n que contengan y de la forma en que utilice su equipo, se pueden utilizar para reconocer al usuario.<\/p>\n<p>Este sitio web, al igual que la mayor\u00eda de los sitios en Internet, utiliza Cookies para mejorar y optimizar la experiencia del usuario. A continuaci\u00f3n encontrar\u00e1 informaci\u00f3n detallada sobre la tipolog\u00eda de Cookies que utiliza este sitio web, sobre c\u00f3mo puede desactivarlas en su navegador y de c\u00f3mo bloquear espec\u00edficamente la instalaci\u00f3n de Cookies de terceros.<\/p>\n<\/p>\n<p><strong>Tipo de cookies que utiliza la p\u00e1gina web y su finalidad<\/strong><\/p>\n<p>El uso de Cookies nos permite facilitar la navegaci\u00f3n del usuario y adaptar la informaci\u00f3n y servicios que ofrecemos a sus intereses.<\/p>\n<p>Las cookies se utilizan tanto de forma permanente como temporal (cookies de sesi\u00f3n). Las cookies permanentes se almacenan en su ordenador o dispositivo m\u00f3vil durante un per\u00edodo de tiempo no superior a 24 meses.<\/p>\n<p>Utilizamos cookies propias y de terceros para recopilar datos estad\u00edsticos de forma agregada a trav\u00e9s de los datos que nos proporciona su utilizaci\u00f3n.<\/p>\n<\/p>\n<p><strong>Tipo de cookies que se utilizan en www.fastemergencies.com<\/strong><\/p>\n<table>\n<tbody>\n<tr>\n<td width=\"172\">TIPOS<\/td>\n<td width=\"281\">FINALIDADES<\/td>\n<\/tr>\n<tr>\n<td width=\"172\">\n<p><strong>DE FUNCIONAMIENTO<\/strong><\/p>\n<p>Propias: PHPSSIDD2<\/p>\n<p>wfvt_4077687450<\/p>\n<p>youtube.com: remote_sid<\/p>\n<\/td>\n<td width=\"281\">Estas cookies permiten la navegaci\u00f3n a trav\u00e9s de la web y la utilizaci\u00f3n de las distintas opciones o servicios que se prestan. Tambi\u00e9n se utilizan para mejorar su navegaci\u00f3n y para optimizar el funcionamiento de nuestra p\u00e1gina. Almacenan configuraciones de servicios para que el usuario no tenga que reconfigurar cada vez que nos visita.<\/td>\n<\/tr>\n<tr>\n<td width=\"172\">\n<p><strong>ANAL\u00cdTICAS<\/strong><\/p>\n<p>google.com: 1P_JAR APISID CONSENT HSID SAPISID SIDCC SSID<\/p>\n<p>youtube.com: APISID CONSENT HSID LOGIN_INFO PREF SAPISID SID SSID YSC VISITOR_INFO1_LIVE<\/p>\n<\/td>\n<td width=\"281\">Estas cookies se utilizan para recabar informaci\u00f3n sobre el uso de nuestro sitio web por parte de los visitantes. Utilizamos la informaci\u00f3n para elaborar informes y para mejorar el sitio. Estas cookies se asocian \u00fanicamente a un usuario an\u00f3nimo ya su ordenador\/dispositivo sin proporcionar referencias que permitan conocer datos personales. Recogen el n\u00famero de visitantes en el sitio, el tiempo que duran las visitas, el navegador, el tipo de terminal, el lugar de procedencia de los visitantes y las p\u00e1ginas visitadas.<\/td>\n<\/tr>\n<tr>\n<td width=\"172\">\n<p><strong>DE PUBLICIDAD COMPORTAMENTAL<\/strong><\/p>\n<p>doubleclick.net: DSID IDE<\/p>\n<p>google.com: NID SID<\/p>\n<p>gstatic.com: NID<\/p>\n<\/td>\n<td width=\"281\">Estas cookies recogen informaci\u00f3n sobre las preferencias o intereses en productos y\/o servicios recogida durante la navegaci\u00f3n, con el fin de mostrar anuncios que se ajusten a las preferencias de los usuarios.<\/td>\n<\/tr>\n<\/tbody>\n<\/table>\n<p><strong>Tratamiento de las cookies<\/strong><\/p>\n<p>La informaci\u00f3n obtenida del tratamiento de las cookies es tratada por el responsable de la web.<\/p>\n<\/p>\n<p><strong>Qu\u00e9 ocurre si se desactivan las cookies<\/strong><\/p>\n<p>En todo momento podr\u00e1 acceder a la configuraci\u00f3n de su navegador para modificar y\/o bloquear la instalaci\u00f3n de las cookie, pero esto puede implicar que algunas funcionalidades queden deshabilitadas y que pueda verse limitado el acceso a algunos contenidos. La calidad del funcionamiento de los servicios puede verse afectada.<\/p>\n<\/p>\n<p><strong>Forma de desactivar o eliminar las cookies<\/strong><\/p>\n<p>Para permitir, conocer, bloquear o eliminar las cookies instaladas en su equipo, puede hacerlo mediante la configuraci\u00f3n de las opciones del navegador en su ordenador. Puede encontrar informaci\u00f3n de c\u00f3mo hacerlo en caso de que utilice uno de los siguientes navegadores:<\/p>\n<p>Internet Explorer: <a href=\"https:\/\/privacy.microsoft.com\/es-es\/privacystatement\">https:\/\/privacy.microsoft.com\/es-es\/privacystatement<\/a><\/p>\n<p>Safari: <a href=\"https:\/\/www.apple.com\/legal\/privacy\/es\/cookies\/\">https:\/\/www.apple.com\/legal\/privacy\/es\/cookies\/<\/a><br \/><a href=\"https:\/\/support.apple.com\/es-es\/HT201265\">https:\/\/support.apple.com\/es-es\/HT201265<\/a><\/p>\n<p>Google Chrome: <a href=\"https:\/\/support.google.com\/chrome\/answer\/95647?hl=es&amp;hlrm=en\">https:\/\/support.google.com\/chrome\/answer\/95647?hl=es&amp;hlrm=en<\/a><\/p>\n<p>Google: <a href=\"https:\/\/www.google.com\/intl\/es\/policies\/privacy\/\">https:\/\/www.google.com\/intl\/es\/policies\/privacy\/<\/a><\/p>\n<p>Firefox: <a href=\"http:\/\/support.mozilla.org\/es\/kb\/Borrar%20cookies\">http:\/\/support.mozilla.org\/es\/kb\/Borrar%20cookies<\/a><\/p>\n<p>Opera: <a href=\"http:\/\/help.opera.com\/Windows\/11.50\/es-ES\/cookies.html\">http:\/\/help.opera.com\/Windows\/11.50\/es-ES\/cookies.html<\/a><\/p>\n<p>Android (Google): <a href=\"https:\/\/www.google.com\/intl\/es\/policies\/privacy\/\">https:\/\/www.google.com\/intl\/es\/policies\/privacy\/<\/a><\/p>\n<p>Windows Phone (Microsoft): <a href=\"https:\/\/privacy.microsoft.com\/es-es\/privacystatement\">https:\/\/privacy.microsoft.com\/es-es\/privacystatement<\/a><\/p>\n<p>Blackberry: <a href=\"http:\/\/global.blackberry.com\/es\/legal\/privacy-policy.html\">http:\/\/global.blackberry.com\/es\/legal\/privacy-policy.html<\/a><\/p>\n<p>Tambi\u00e9n puedes eliminar f\u00e1cilmente las cookies de tu ordenador o dispositivo m\u00f3vil mediante el uso de su navegador. Para obtener indicaciones de c\u00f3mo gestionar y eliminar las cookies, vaya a la pesta\u00f1a \u201cAyuda\u201d de su navegador. Podr\u00e1s desactivar las cookies o recibir una notificaci\u00f3n cada vez que se env\u00eda una nueva cookie a tu ordenador o dispositivo m\u00f3vil.<\/p>\n<p>Existen herramientas disponibles on line, que permiten a los usuarios detectar las cookies en cada sitio web que visitan y gestionar su desactivaci\u00f3n (por ejemplo, Ghostery: <a href=\"https:\/\/www.ghostery.com\/about-ghostery\/privacy-statements\/\">https:\/\/www.ghostery.com\/about-ghostery\/privacy-statements\/<\/a>, <a href=\"http:\/\/www.ghostery.com\/faq\">http:\/\/www.ghostery.com\/faq<\/a>).<\/p>\n<\/p>\n<p><strong>Actualizaci\u00f3n de nuestra Pol\u00edtica de Cookies<\/strong><\/p>\n<p>Es posible que actualicemos la Pol\u00edtica de Cookies de nuestro sitio web, por eso le recomendamos revisar esta pol\u00edtica cada vez que acceda a nuestro Sitio Web con el objetivo de estar adecuadamente informado sobre c\u00f3mo y por qu\u00e9 utilizamos las cookies. Tengan en cuenta que los navegadores pueden tambi\u00e9n cambiar sus pol\u00edticas y la ubicaci\u00f3n de la informaci\u00f3n.<\/p>\n\t\t\t\t\t\t<\/div>\n\t\t\t\t<\/div>\n\t\t\t\t\t<\/div>\n\t\t<\/div>\n\t\t\t\t\t\t\t<\/div>\n\t\t<\/section>\n\t\t\t\t\t\t\t<\/div>\n\t\t","protected":false},"excerpt":{"rendered":"<p>Pol\u00edtica de Cookies Definici\u00f3 i funci\u00f3 de les cookies Una cookie es un archivo que se descarga en su ordenador al acceder a determinadas p\u00e1ginas web. Las cookies permiten a una p\u00e1gina web, entre otras cosas, almacenar y recuperar informaci\u00f3n sobre los h\u00e1bitos de navegaci\u00f3n de un usuario o de su equipo y, dependiendo de [&hellip;]<\/p>\n","protected":false},"author":3,"featured_media":0,"parent":0,"menu_order":0,"comment_status":"closed","ping_status":"closed","template":"","meta":{"footnotes":""},"categories":[],"tags":[],"acf":[],"yoast_head":"<!-- This site is optimized with the Yoast SEO plugin v20.11 - https:\/\/yoast.com\/wordpress\/plugins\/seo\/ -->\n<title>Pol\u00edtica de Cookies - Fast Parcmotor<\/title>\n<meta name=\"robots\" content=\"noindex, nofollow\" \/>\n<meta property=\"og:locale\" content=\"es_ES\" \/>\n<meta property=\"og:type\" content=\"article\" \/>\n<meta property=\"og:title\" content=\"Pol\u00edtica de Cookies - Fast Parcmotor\" \/>\n<meta property=\"og:description\" content=\"Pol\u00edtica de Cookies Definici\u00f3 i funci\u00f3 de les cookies Una cookie es un archivo que se descarga en su ordenador al acceder a determinadas p\u00e1ginas web. Las cookies permiten a una p\u00e1gina web, entre otras cosas, almacenar y recuperar informaci\u00f3n sobre los h\u00e1bitos de navegaci\u00f3n de un usuario o de su equipo y, dependiendo de [&hellip;]\" \/>\n<meta property=\"og:url\" content=\"https:\/\/dev.fastparcmotor.com\/es\/politica-de-cookies\/\" \/>\n<meta property=\"og:site_name\" content=\"Fast Parcmotor\" \/>\n<meta property=\"article:modified_time\" content=\"2022-12-27T07:00:55+00:00\" \/>\n<meta name=\"twitter:card\" content=\"summary_large_image\" \/>\n<meta name=\"twitter:label1\" content=\"Tiempo de lectura\" \/>\n\t<meta name=\"twitter:data1\" content=\"4 minutos\" \/>\n<script type=\"application\/ld+json\" class=\"yoast-schema-graph\">{\"@context\":\"https:\/\/schema.org\",\"@graph\":[{\"@type\":\"WebPage\",\"@id\":\"https:\/\/dev.fastparcmotor.com\/es\/politica-de-cookies\/\",\"url\":\"https:\/\/dev.fastparcmotor.com\/es\/politica-de-cookies\/\",\"name\":\"Pol\u00edtica de Cookies - Fast Parcmotor\",\"isPartOf\":{\"@id\":\"https:\/\/dev.fastparcmotor.com\/es\/#website\"},\"datePublished\":\"2022-09-21T12:02:53+00:00\",\"dateModified\":\"2022-12-27T07:00:55+00:00\",\"breadcrumb\":{\"@id\":\"https:\/\/dev.fastparcmotor.com\/es\/politica-de-cookies\/#breadcrumb\"},\"inLanguage\":\"es\",\"potentialAction\":[{\"@type\":\"ReadAction\",\"target\":[\"https:\/\/dev.fastparcmotor.com\/es\/politica-de-cookies\/\"]}]},{\"@type\":\"BreadcrumbList\",\"@id\":\"https:\/\/dev.fastparcmotor.com\/es\/politica-de-cookies\/#breadcrumb\",\"itemListElement\":[{\"@type\":\"ListItem\",\"position\":1,\"name\":\"Portada\",\"item\":\"https:\/\/dev.fastparcmotor.com\/es\/\"},{\"@type\":\"ListItem\",\"position\":2,\"name\":\"Pol\u00edtica de Cookies\"}]},{\"@type\":\"WebSite\",\"@id\":\"https:\/\/dev.fastparcmotor.com\/es\/#website\",\"url\":\"https:\/\/dev.fastparcmotor.com\/es\/\",\"name\":\"Fast Parcmotor\",\"description\":\"Circuito Escuela de conducci\u00f3n, coche, moto y 4x4 | Fast Parcmotor\",\"publisher\":{\"@id\":\"https:\/\/dev.fastparcmotor.com\/es\/#organization\"},\"potentialAction\":[{\"@type\":\"SearchAction\",\"target\":{\"@type\":\"EntryPoint\",\"urlTemplate\":\"https:\/\/dev.fastparcmotor.com\/es\/?s={search_term_string}\"},\"query-input\":\"required name=search_term_string\"}],\"inLanguage\":\"es\"},{\"@type\":\"Organization\",\"@id\":\"https:\/\/dev.fastparcmotor.com\/es\/#organization\",\"name\":\"Fast Parcmotor\",\"url\":\"https:\/\/dev.fastparcmotor.com\/es\/\",\"logo\":{\"@type\":\"ImageObject\",\"inLanguage\":\"es\",\"@id\":\"https:\/\/dev.fastparcmotor.com\/es\/#\/schema\/logo\/image\/\",\"url\":\"https:\/\/dev.fastparcmotor.com\/wp-content\/uploads\/2022\/10\/logo-fast-parcmotor-castelloli-circuito-escuela-conduccion-horitzontal-v4.svg\",\"contentUrl\":\"https:\/\/dev.fastparcmotor.com\/wp-content\/uploads\/2022\/10\/logo-fast-parcmotor-castelloli-circuito-escuela-conduccion-horitzontal-v4.svg\",\"caption\":\"Fast Parcmotor \"},\"image\":{\"@id\":\"https:\/\/dev.fastparcmotor.com\/es\/#\/schema\/logo\/image\/\"}}]}<\/script>\n<!-- \/ Yoast SEO plugin. -->","yoast_head_json":{"title":"Pol\u00edtica de Cookies - Fast Parcmotor","robots":{"index":"noindex","follow":"nofollow"},"og_locale":"es_ES","og_type":"article","og_title":"Pol\u00edtica de Cookies - Fast Parcmotor","og_description":"Pol\u00edtica de Cookies Definici\u00f3 i funci\u00f3 de les cookies Una cookie es un archivo que se descarga en su ordenador al acceder a determinadas p\u00e1ginas web. Las cookies permiten a una p\u00e1gina web, entre otras cosas, almacenar y recuperar informaci\u00f3n sobre los h\u00e1bitos de navegaci\u00f3n de un usuario o de su equipo y, dependiendo de [&hellip;]","og_url":"https:\/\/dev.fastparcmotor.com\/es\/politica-de-cookies\/","og_site_name":"Fast Parcmotor","article_modified_time":"2022-12-27T07:00:55+00:00","twitter_card":"summary_large_image","twitter_misc":{"Tiempo de lectura":"4 minutos"},"schema":{"@context":"https:\/\/schema.org","@graph":[{"@type":"WebPage","@id":"https:\/\/dev.fastparcmotor.com\/es\/politica-de-cookies\/","url":"https:\/\/dev.fastparcmotor.com\/es\/politica-de-cookies\/","name":"Pol\u00edtica de Cookies - Fast Parcmotor","isPartOf":{"@id":"https:\/\/dev.fastparcmotor.com\/es\/#website"},"datePublished":"2022-09-21T12:02:53+00:00","dateModified":"2022-12-27T07:00:55+00:00","breadcrumb":{"@id":"https:\/\/dev.fastparcmotor.com\/es\/politica-de-cookies\/#breadcrumb"},"inLanguage":"es","potentialAction":[{"@type":"ReadAction","target":["https:\/\/dev.fastparcmotor.com\/es\/politica-de-cookies\/"]}]},{"@type":"BreadcrumbList","@id":"https:\/\/dev.fastparcmotor.com\/es\/politica-de-cookies\/#breadcrumb","itemListElement":[{"@type":"ListItem","position":1,"name":"Portada","item":"https:\/\/dev.fastparcmotor.com\/es\/"},{"@type":"ListItem","position":2,"name":"Pol\u00edtica de Cookies"}]},{"@type":"WebSite","@id":"https:\/\/dev.fastparcmotor.com\/es\/#website","url":"https:\/\/dev.fastparcmotor.com\/es\/","name":"Fast Parcmotor","description":"Circuito Escuela de conducci\u00f3n, coche, moto y 4x4 | Fast Parcmotor","publisher":{"@id":"https:\/\/dev.fastparcmotor.com\/es\/#organization"},"potentialAction":[{"@type":"SearchAction","target":{"@type":"EntryPoint","urlTemplate":"https:\/\/dev.fastparcmotor.com\/es\/?s={search_term_string}"},"query-input":"required name=search_term_string"}],"inLanguage":"es"},{"@type":"Organization","@id":"https:\/\/dev.fastparcmotor.com\/es\/#organization","name":"Fast Parcmotor","url":"https:\/\/dev.fastparcmotor.com\/es\/","logo":{"@type":"ImageObject","inLanguage":"es","@id":"https:\/\/dev.fastparcmotor.com\/es\/#\/schema\/logo\/image\/","url":"https:\/\/dev.fastparcmotor.com\/wp-content\/uploads\/2022\/10\/logo-fast-parcmotor-castelloli-circuito-escuela-conduccion-horitzontal-v4.svg","contentUrl":"https:\/\/dev.fastparcmotor.com\/wp-content\/uploads\/2022\/10\/logo-fast-parcmotor-castelloli-circuito-escuela-conduccion-horitzontal-v4.svg","caption":"Fast Parcmotor "},"image":{"@id":"https:\/\/dev.fastparcmotor.com\/es\/#\/schema\/logo\/image\/"}}]}},"_links":{"self":[{"href":"https:\/\/dev.fastparcmotor.com\/es\/wp-json\/wp\/v2\/pages\/5146"}],"collection":[{"href":"https:\/\/dev.fastparcmotor.com\/es\/wp-json\/wp\/v2\/pages"}],"about":[{"href":"https:\/\/dev.fastparcmotor.com\/es\/wp-json\/wp\/v2\/types\/page"}],"author":[{"embeddable":true,"href":"https:\/\/dev.fastparcmotor.com\/es\/wp-json\/wp\/v2\/users\/3"}],"replies":[{"embeddable":true,"href":"https:\/\/dev.fastparcmotor.com\/es\/wp-json\/wp\/v2\/comments?post=5146"}],"version-history":[{"count":4,"href":"https:\/\/dev.fastparcmotor.com\/es\/wp-json\/wp\/v2\/pages\/5146\/revisions"}],"predecessor-version":[{"id":5298,"href":"https:\/\/dev.fastparcmotor.com\/es\/wp-json\/wp\/v2\/pages\/5146\/revisions\/5298"}],"wp:attachment":[{"href":"https:\/\/dev.fastparcmotor.com\/es\/wp-json\/wp\/v2\/media?parent=5146"}],"wp:term":[{"taxonomy":"category","embeddable":true,"href":"https:\/\/dev.fastparcmotor.com\/es\/wp-json\/wp\/v2\/categories?post=5146"},{"taxonomy":"post_tag","embeddable":true,"href":"https:\/\/dev.fastparcmotor.com\/es\/wp-json\/wp\/v2\/tags?post=5146"}],"curies":[{"name":"wp","href":"https:\/\/api.w.org\/{rel}","templated":true}]}}